{"id":2201,"date":"2019-01-10T17:40:34","date_gmt":"2019-01-10T16:40:34","guid":{"rendered":"https:\/\/www.campinglebelvedere.com\/saint-flour\/"},"modified":"2019-06-11T14:36:58","modified_gmt":"2019-06-11T12:36:58","slug":"saint-flour","status":"publish","type":"page","link":"https:\/\/www.campinglebelvedere.com\/en\/saint-flour\/","title":{"rendered":"Saint Flour"},"content":{"rendered":"\n<div class=\"wp-block-image\"><figure class=\"alignright\"><img decoding=\"async\" width=\"1024\" height=\"683\" src=\"https:\/\/www.campinglebelvedere.com\/wp-content\/uploads\/2019\/03\/Saint-Urcize-6899-Herv\u00e9-Vidal-1024x683.jpg\" alt=\"\" class=\"wp-image-3447\" srcset=\"https:\/\/www.campinglebelvedere.com\/wp-content\/uploads\/2019\/03\/Saint-Urcize-6899-Herv\u00e9-Vidal-1024x683.jpg 1024w, https:\/\/www.campinglebelvedere.com\/wp-content\/uploads\/2019\/03\/Saint-Urcize-6899-Herv\u00e9-Vidal-300x200.jpg 300w, https:\/\/www.campinglebelvedere.com\/wp-content\/uploads\/2019\/03\/Saint-Urcize-6899-Herv\u00e9-Vidal-768x512.jpg 768w\" sizes=\"(max-width: 1024px) 100vw, 1024px\" \/><\/figure><\/div>\n\n\n\n<div class=\"wp-block-cover has-background-dim\" style=\"background-image:url(https:\/\/www.campinglebelvedere.com\/wp-content\/uploads\/2019\/03\/Ch\u00e2teau-Alleuze-gorges-Truy\u00e8re-Herv\u00e9-Vidal.jpg)\"><div class=\"wp-block-cover__inner-container is-layout-flow wp-block-cover-is-layout-flow\">\n<p style=\"text-align:center\" class=\"has-large-font-size\"><\/p>\n<\/div><\/div>\n","protected":false},"excerpt":{"rendered":"","protected":false},"author":1,"featured_media":6681,"parent":0,"menu_order":0,"comment_status":"closed","ping_status":"closed","template":"","meta":{"footnotes":""},"class_list":["post-2201","page","type-page","status-publish","has-post-thumbnail","hentry"],"yoast_head":"<!-- This site is optimized with the Yoast SEO plugin v25.3 - https:\/\/yoast.com\/wordpress\/plugins\/seo\/ -->\n<title>Saint Flour Tourism | Meteo, Activities, Swimming pool Saint Flour<\/title>\n<meta name=\"description\" content=\"Find out more about the town of Saint-Flour in Auvergne: discover this magnificent little typical village during your holidays\" \/>\n<meta name=\"robots\" content=\"index, follow, max-snippet:-1, max-image-preview:large, max-video-preview:-1\" \/>\n<link rel=\"canonical\" href=\"https:\/\/www.campinglebelvedere.com\/en\/saint-flour\/\" \/>\n<meta property=\"og:locale\" content=\"en_US\" \/>\n<meta property=\"og:type\" content=\"article\" \/>\n<meta property=\"og:title\" content=\"Saint Flour Tourism | Meteo, Activities, Swimming pool Saint Flour\" \/>\n<meta property=\"og:description\" content=\"Find out more about the town of Saint-Flour in Auvergne: discover this magnificent little typical village during your holidays\" \/>\n<meta property=\"og:url\" content=\"https:\/\/www.campinglebelvedere.com\/en\/saint-flour\/\" \/>\n<meta property=\"og:site_name\" content=\"Camping le Belvedere\" \/>\n<meta property=\"article:modified_time\" content=\"2019-06-11T12:36:58+00:00\" \/>\n<meta property=\"og:image\" content=\"https:\/\/www.campinglebelvedere.com\/wp-content\/uploads\/2020\/09\/saint-flour.jpg\" \/>\n\t<meta property=\"og:image:width\" content=\"1700\" \/>\n\t<meta property=\"og:image:height\" content=\"450\" \/>\n\t<meta property=\"og:image:type\" content=\"image\/jpeg\" \/>\n<meta name=\"twitter:card\" content=\"summary_large_image\" \/>\n<script type=\"application\/ld+json\" class=\"yoast-schema-graph\">{\"@context\":\"https:\/\/schema.org\",\"@graph\":[{\"@type\":\"WebPage\",\"@id\":\"https:\/\/www.campinglebelvedere.com\/en\/saint-flour\/\",\"url\":\"https:\/\/www.campinglebelvedere.com\/en\/saint-flour\/\",\"name\":\"Saint Flour Tourism | Meteo, Activities, Swimming pool Saint Flour\",\"isPartOf\":{\"@id\":\"https:\/\/www.campinglebelvedere.com\/en\/#website\"},\"primaryImageOfPage\":{\"@id\":\"https:\/\/www.campinglebelvedere.com\/en\/saint-flour\/#primaryimage\"},\"image\":{\"@id\":\"https:\/\/www.campinglebelvedere.com\/en\/saint-flour\/#primaryimage\"},\"thumbnailUrl\":\"https:\/\/www.campinglebelvedere.com\/wp-content\/uploads\/2020\/09\/saint-flour.jpg\",\"datePublished\":\"2019-01-10T16:40:34+00:00\",\"dateModified\":\"2019-06-11T12:36:58+00:00\",\"description\":\"Find out more about the town of Saint-Flour in Auvergne: discover this magnificent little typical village during your holidays\",\"breadcrumb\":{\"@id\":\"https:\/\/www.campinglebelvedere.com\/en\/saint-flour\/#breadcrumb\"},\"inLanguage\":\"en-US\",\"potentialAction\":[{\"@type\":\"ReadAction\",\"target\":[\"https:\/\/www.campinglebelvedere.com\/en\/saint-flour\/\"]}]},{\"@type\":\"ImageObject\",\"inLanguage\":\"en-US\",\"@id\":\"https:\/\/www.campinglebelvedere.com\/en\/saint-flour\/#primaryimage\",\"url\":\"https:\/\/www.campinglebelvedere.com\/wp-content\/uploads\/2020\/09\/saint-flour.jpg\",\"contentUrl\":\"https:\/\/www.campinglebelvedere.com\/wp-content\/uploads\/2020\/09\/saint-flour.jpg\",\"width\":1700,\"height\":450,\"caption\":\"saint-flour\"},{\"@type\":\"BreadcrumbList\",\"@id\":\"https:\/\/www.campinglebelvedere.com\/en\/saint-flour\/#breadcrumb\",\"itemListElement\":[{\"@type\":\"ListItem\",\"position\":1,\"name\":\"Campsite Auvergne\",\"item\":\"https:\/\/www.campinglebelvedere.com\/en\/\"},{\"@type\":\"ListItem\",\"position\":2,\"name\":\"Saint-Flour holydays\"}]},{\"@type\":\"WebSite\",\"@id\":\"https:\/\/www.campinglebelvedere.com\/en\/#website\",\"url\":\"https:\/\/www.campinglebelvedere.com\/en\/\",\"name\":\"Camping le Belv\u00e9d\u00e8re Cantal\",\"description\":\"\",\"publisher\":{\"@id\":\"https:\/\/www.campinglebelvedere.com\/en\/#organization\"},\"potentialAction\":[{\"@type\":\"SearchAction\",\"target\":{\"@type\":\"EntryPoint\",\"urlTemplate\":\"https:\/\/www.campinglebelvedere.com\/en\/?s={search_term_string}\"},\"query-input\":{\"@type\":\"PropertyValueSpecification\",\"valueRequired\":true,\"valueName\":\"search_term_string\"}}],\"inLanguage\":\"en-US\"},{\"@type\":\"Organization\",\"@id\":\"https:\/\/www.campinglebelvedere.com\/en\/#organization\",\"name\":\"Camping le Belv\u00e9d\u00e8re Cantal\",\"url\":\"https:\/\/www.campinglebelvedere.com\/en\/\",\"logo\":{\"@type\":\"ImageObject\",\"inLanguage\":\"en-US\",\"@id\":\"https:\/\/www.campinglebelvedere.com\/en\/#\/schema\/logo\/image\/\",\"url\":\"https:\/\/www.campinglebelvedere.com\/wp-content\/uploads\/2019\/11\/20190613_155553-scaled.jpg\",\"contentUrl\":\"https:\/\/www.campinglebelvedere.com\/wp-content\/uploads\/2019\/11\/20190613_155553-scaled.jpg\",\"width\":2560,\"height\":1920,\"caption\":\"Camping le Belv\u00e9d\u00e8re Cantal\"},\"image\":{\"@id\":\"https:\/\/www.campinglebelvedere.com\/en\/#\/schema\/logo\/image\/\"}}]}<\/script>\n<!-- \/ Yoast SEO plugin. -->","yoast_head_json":{"title":"Saint Flour Tourism | Meteo, Activities, Swimming pool Saint Flour","description":"Find out more about the town of Saint-Flour in Auvergne: discover this magnificent little typical village during your holidays","robots":{"index":"index","follow":"follow","max-snippet":"max-snippet:-1","max-image-preview":"max-image-preview:large","max-video-preview":"max-video-preview:-1"},"canonical":"https:\/\/www.campinglebelvedere.com\/en\/saint-flour\/","og_locale":"en_US","og_type":"article","og_title":"Saint Flour Tourism | Meteo, Activities, Swimming pool Saint Flour","og_description":"Find out more about the town of Saint-Flour in Auvergne: discover this magnificent little typical village during your holidays","og_url":"https:\/\/www.campinglebelvedere.com\/en\/saint-flour\/","og_site_name":"Camping le Belvedere","article_modified_time":"2019-06-11T12:36:58+00:00","og_image":[{"width":1700,"height":450,"url":"https:\/\/www.campinglebelvedere.com\/wp-content\/uploads\/2020\/09\/saint-flour.jpg","type":"image\/jpeg"}],"twitter_card":"summary_large_image","schema":{"@context":"https:\/\/schema.org","@graph":[{"@type":"WebPage","@id":"https:\/\/www.campinglebelvedere.com\/en\/saint-flour\/","url":"https:\/\/www.campinglebelvedere.com\/en\/saint-flour\/","name":"Saint Flour Tourism | Meteo, Activities, Swimming pool Saint Flour","isPartOf":{"@id":"https:\/\/www.campinglebelvedere.com\/en\/#website"},"primaryImageOfPage":{"@id":"https:\/\/www.campinglebelvedere.com\/en\/saint-flour\/#primaryimage"},"image":{"@id":"https:\/\/www.campinglebelvedere.com\/en\/saint-flour\/#primaryimage"},"thumbnailUrl":"https:\/\/www.campinglebelvedere.com\/wp-content\/uploads\/2020\/09\/saint-flour.jpg","datePublished":"2019-01-10T16:40:34+00:00","dateModified":"2019-06-11T12:36:58+00:00","description":"Find out more about the town of Saint-Flour in Auvergne: discover this magnificent little typical village during your holidays","breadcrumb":{"@id":"https:\/\/www.campinglebelvedere.com\/en\/saint-flour\/#breadcrumb"},"inLanguage":"en-US","potentialAction":[{"@type":"ReadAction","target":["https:\/\/www.campinglebelvedere.com\/en\/saint-flour\/"]}]},{"@type":"ImageObject","inLanguage":"en-US","@id":"https:\/\/www.campinglebelvedere.com\/en\/saint-flour\/#primaryimage","url":"https:\/\/www.campinglebelvedere.com\/wp-content\/uploads\/2020\/09\/saint-flour.jpg","contentUrl":"https:\/\/www.campinglebelvedere.com\/wp-content\/uploads\/2020\/09\/saint-flour.jpg","width":1700,"height":450,"caption":"saint-flour"},{"@type":"BreadcrumbList","@id":"https:\/\/www.campinglebelvedere.com\/en\/saint-flour\/#breadcrumb","itemListElement":[{"@type":"ListItem","position":1,"name":"Campsite Auvergne","item":"https:\/\/www.campinglebelvedere.com\/en\/"},{"@type":"ListItem","position":2,"name":"Saint-Flour holydays"}]},{"@type":"WebSite","@id":"https:\/\/www.campinglebelvedere.com\/en\/#website","url":"https:\/\/www.campinglebelvedere.com\/en\/","name":"Camping le Belv\u00e9d\u00e8re Cantal","description":"","publisher":{"@id":"https:\/\/www.campinglebelvedere.com\/en\/#organization"},"potentialAction":[{"@type":"SearchAction","target":{"@type":"EntryPoint","urlTemplate":"https:\/\/www.campinglebelvedere.com\/en\/?s={search_term_string}"},"query-input":{"@type":"PropertyValueSpecification","valueRequired":true,"valueName":"search_term_string"}}],"inLanguage":"en-US"},{"@type":"Organization","@id":"https:\/\/www.campinglebelvedere.com\/en\/#organization","name":"Camping le Belv\u00e9d\u00e8re Cantal","url":"https:\/\/www.campinglebelvedere.com\/en\/","logo":{"@type":"ImageObject","inLanguage":"en-US","@id":"https:\/\/www.campinglebelvedere.com\/en\/#\/schema\/logo\/image\/","url":"https:\/\/www.campinglebelvedere.com\/wp-content\/uploads\/2019\/11\/20190613_155553-scaled.jpg","contentUrl":"https:\/\/www.campinglebelvedere.com\/wp-content\/uploads\/2019\/11\/20190613_155553-scaled.jpg","width":2560,"height":1920,"caption":"Camping le Belv\u00e9d\u00e8re Cantal"},"image":{"@id":"https:\/\/www.campinglebelvedere.com\/en\/#\/schema\/logo\/image\/"}}]}},"_links":{"self":[{"href":"https:\/\/www.campinglebelvedere.com\/en\/wp-json\/wp\/v2\/pages\/2201"}],"collection":[{"href":"https:\/\/www.campinglebelvedere.com\/en\/wp-json\/wp\/v2\/pages"}],"about":[{"href":"https:\/\/www.campinglebelvedere.com\/en\/wp-json\/wp\/v2\/types\/page"}],"author":[{"embeddable":true,"href":"https:\/\/www.campinglebelvedere.com\/en\/wp-json\/wp\/v2\/users\/1"}],"replies":[{"embeddable":true,"href":"https:\/\/www.campinglebelvedere.com\/en\/wp-json\/wp\/v2\/comments?post=2201"}],"version-history":[{"count":10,"href":"https:\/\/www.campinglebelvedere.com\/en\/wp-json\/wp\/v2\/pages\/2201\/revisions"}],"predecessor-version":[{"id":4756,"href":"https:\/\/www.campinglebelvedere.com\/en\/wp-json\/wp\/v2\/pages\/2201\/revisions\/4756"}],"wp:featuredmedia":[{"embeddable":true,"href":"https:\/\/www.campinglebelvedere.com\/en\/wp-json\/wp\/v2\/media\/6681"}],"wp:attachment":[{"href":"https:\/\/www.campinglebelvedere.com\/en\/wp-json\/wp\/v2\/media?parent=2201"}],"curies":[{"name":"wp","href":"https:\/\/api.w.org\/{rel}","templated":true}]}}